{"id":8,"date":"2025-08-04T12:30:07","date_gmt":"2025-08-04T12:30:07","guid":{"rendered":"https:\/\/lespal.fr\/?page_id=8"},"modified":"2025-08-11T10:00:07","modified_gmt":"2025-08-11T10:00:07","slug":"dossier-technique","status":"publish","type":"page","link":"https:\/\/lespal.fr\/index.php\/dossier-technique\/","title":{"rendered":"Dossier technique"},"content":{"rendered":"\t\t<div data-elementor-type=\"wp-page\" data-elementor-id=\"8\" class=\"elementor elementor-8\">\n\t\t\t\t<div class=\"elementor-element elementor-element-312be32 e-flex e-con-boxed e-con e-parent\" data-id=\"312be32\" data-element_type=\"container\" data-e-type=\"container\">\n\t\t\t\t\t<div class=\"e-con-inner\">\n\t\t<div class=\"elementor-element elementor-element-b43d7cb e-con-full e-flex e-con e-child\" data-id=\"b43d7cb\" data-element_type=\"container\" data-e-type=\"container\">\n\t\t\t\t<div class=\"elementor-element elementor-element-5c9eb36 elementor-widget elementor-widget-text-editor\" data-id=\"5c9eb36\" data-element_type=\"widget\" data-e-type=\"widget\" data-widget_type=\"text-editor.default\">\n\t\t\t\t\t\t\t\t\t<header class=\"post-header\"><h1 style=\"text-align: left;\"><strong>LE DOMAINE DE L&rsquo;ESPAL,<\/strong><\/h1><p style=\"text-align: left;\"><strong>Datant du XII\u00e8me si\u00e8cle pour partie et XVIII\u00e8me pour la Maison de Ma\u00eetre,\u00a0<\/strong><\/p><p style=\"text-align: left;\"><strong> vous apportera toute la qui\u00e9tude et le farniente.<\/strong><\/p><p style=\"text-align: left;\">Au c\u0153ur des 3 rues principales des Epeaux, \u00e9rig\u00e9e sur un parc de plus de 5.000 m\u00b2 arbor\u00e9 et clos de mur;<\/p><h3 style=\"text-align: left;\"><strong><span style=\"text-decoration: underline;\">Au rez-de-chauss\u00e9e<\/span> :<\/strong><\/h3><ul style=\"text-align: left;\"><li>un hall de r\u00e9ception<\/li><li>un salon avec chemin\u00e9e ouverte,<\/li><li>une salle \u00e0 manger avec chemin\u00e9e ouverte,<\/li><li>une cuisine am\u00e9nag\u00e9e et \u00e9quip\u00e9e<\/li><li>un wc avec lave-mains<\/li><li>Un escalier en orme vous permettra d\u2019acc\u00e9der \u00e0 l\u2019\u00e9tage\u00a0<\/li><li>\u00a0<\/li><\/ul><h3 style=\"text-align: left;\"><strong><span style=\"text-decoration: underline;\">A l&rsquo;\u00e9tage<\/span> :\u00a0<\/strong><\/h3><ul style=\"text-align: left;\"><li>4 chambres pourvues de salles d\u2019eau\/bain privatives,<\/li><li>3 wc s\u00e9par\u00e9s,<\/li><li>de tr\u00e8s grands placards int\u00e9gr\u00e9s<\/li><li>un patio<\/li><li>\u00a0<\/li><\/ul><h3 style=\"text-align: left;\"><strong><span style=\"text-decoration: underline;\">Dans la continuit\u00e9 de Maison de Ma\u00eetre<\/span> :<\/strong><\/h3><ul style=\"text-align: left;\"><li>un grand patio desservant deux terrasses<\/li><li>3 chambres avec salles d\u2019eau privatives et toilettes s\u00e9par\u00e9s<\/li><li>un atelier<\/li><li>\u00a0<\/li><\/ul><h3 style=\"text-align: left;\"><span style=\"text-decoration: underline;\"><strong>Les autres b\u00e2timents du Domaine dateraient pour la plus part du XII\u00e8me si\u00e8cle<\/strong><\/span><strong> :<\/strong><\/h3><ul style=\"text-align: left;\"><li>3 remises (dont une cave \u00e0 vin en sous-sol et une buanderie)<\/li><li>1 garage<\/li><li>1 grange<\/li><li>1 auvent accueille 3 stationnements, pourvu d<strong>\u2019une station de recharge pour voiture \u00e9lectrique<\/strong><\/li><li>1 second auvent pour le stockage de 6 v\u00e9los<\/li><li>\u00a0<\/li><\/ul><h3 style=\"text-align: left;\"><span style=\"text-decoration: underline;\"><strong>\u00c9quipements ext\u00e9rieurs :<\/strong><\/span><\/h3><ul style=\"text-align: left;\"><li>Une piscine \u00e9quip\u00e9e d\u2019un syst\u00e8me de s\u00e9curit\u00e9.<br \/>Chauff\u00e9e entre 26\u00b0 et 30\u00b0 par PAC<br \/>Dimensions 7 x 4 m.<br \/>Profondeur progressive moy. 1,70 m<br \/>Filtration par chaussette coton Desjoyaux, et d\u00e9sinfection par chlore.<br \/>Rev\u00eatement en membrane arm\u00e9e de couleur sable.<\/li><li>Un boulodrome<\/li><li>Le parc arbor\u00e9 accueille entre autre : un c\u00e8dre du Liban, un pin parasol, des ch\u00eanes verts, un magnolia grandiflora, un flamboyant,<\/li><li>Au verger : olivier, mirabellier, cerisier, poirier, figuier\u2026<\/li><li>Un potager<\/li><\/ul><p style=\"text-align: left;\"><span style=\"text-decoration: underline;\"><strong>Il n\u2019existe pas de vis-\u00e0-vis.<\/strong><\/span><\/p><\/header>\t\t\t\t\t\t\t\t<\/div>\n\t\t\t\t<\/div>\n\t\t<div class=\"elementor-element elementor-element-9c962c3 e-con-full e-flex e-con e-child\" data-id=\"9c962c3\" data-element_type=\"container\" data-e-type=\"container\">\n\t\t\t\t<div class=\"elementor-element elementor-element-cd3f51d elementor-widget elementor-widget-image\" data-id=\"cd3f51d\" data-element_type=\"widget\" data-e-type=\"widget\" data-widget_type=\"image.default\">\n\t\t\t\t\t\t\t\t\t\t\t\t\t\t\t<img fetchpriority=\"high\" decoding=\"async\" width=\"600\" height=\"400\" src=\"https:\/\/lespal.fr\/wp-content\/uploads\/2025\/08\/plan-de-masse.jpg\" class=\"attachment-large size-large wp-image-14\" alt=\"\" srcset=\"https:\/\/lespal.fr\/wp-content\/uploads\/2025\/08\/plan-de-masse.jpg 600w, https:\/\/lespal.fr\/wp-content\/uploads\/2025\/08\/plan-de-masse-300x200.jpg 300w, https:\/\/lespal.fr\/wp-content\/uploads\/2025\/08\/plan-de-masse-150x100.jpg 150w\" sizes=\"(max-width: 600px) 100vw, 600px\" \/>\t\t\t\t\t\t\t\t\t\t\t\t\t\t\t<\/div>\n\t\t\t\t<\/div>\n\t\t\t\t\t<\/div>\n\t\t\t\t<\/div>\n\t\t<div class=\"elementor-element elementor-element-3abc967 e-flex e-con-boxed e-con e-parent\" data-id=\"3abc967\" data-element_type=\"container\" data-e-type=\"container\" data-settings=\"{&quot;background_background&quot;:&quot;classic&quot;}\">\n\t\t\t\t\t<div class=\"e-con-inner\">\n\t\t\t\t<div class=\"elementor-element elementor-element-6b34b5f elementor-widget elementor-widget-spacer\" data-id=\"6b34b5f\" data-element_type=\"widget\" data-e-type=\"widget\" data-widget_type=\"spacer.default\">\n\t\t\t\t\t\t\t<div class=\"elementor-spacer\">\n\t\t\t<div class=\"elementor-spacer-inner\"><\/div>\n\t\t<\/div>\n\t\t\t\t\t\t<\/div>\n\t\t\t\t\t<\/div>\n\t\t\t\t<\/div>\n\t\t<div class=\"elementor-element elementor-element-e9579db e-flex e-con-boxed e-con e-parent\" data-id=\"e9579db\" data-element_type=\"container\" data-e-type=\"container\">\n\t\t\t\t\t<div class=\"e-con-inner\">\n\t\t<div class=\"elementor-element elementor-element-2372bd2 e-con-full e-flex e-con e-child\" data-id=\"2372bd2\" data-element_type=\"container\" data-e-type=\"container\">\n\t\t\t\t<div class=\"elementor-element elementor-element-1db6847 elementor-widget elementor-widget-text-editor\" data-id=\"1db6847\" data-element_type=\"widget\" data-e-type=\"widget\" data-widget_type=\"text-editor.default\">\n\t\t\t\t\t\t\t\t\t<h1><strong>Diagnostiques<\/strong><strong> :\u00a0<\/strong><\/h1><div><strong>\u00a0<\/strong><\/div><h3><span style=\"text-decoration: underline;\"><strong>Electricit\u00e9 <\/strong><\/span><strong>:<\/strong><\/h3><ul><li>Double vitrage,<\/li><li><span style=\"letter-spacing: 0px;\">3 chemin\u00e9es,<\/span><\/li><li><span style=\"letter-spacing: 0px;\">Syst\u00e8me de chauffage central et convecteur \u00e0 inertie s\u00e8che.<\/span><\/li><\/ul><div>\u00a0<\/div><h3><strong><span style=\"text-decoration: underline;\">Eau et traitement<\/span> :<\/strong><\/h3><ul><li>Raccordement \u00e0 l&rsquo;eau de la ville,\u00a0<\/li><li><span style=\"letter-spacing: 0px;\">pr\u00e9sence d&rsquo;un puis<\/span><\/li><li>Traitement des eaux us\u00e9es : assainissement collectif \u00ab\u00a0tout \u00e0 l&rsquo;\u00e9gout\u00a0\u00bb<\/li><li>Mise en \u0153uvre pour l&rsquo;\u00e9conomie d&rsquo;eau : chasse d&rsquo;eau double flux w-c, mousseurs sur robinetterie.<\/li><\/ul>\t\t\t\t\t\t\t\t<\/div>\n\t\t\t\t<\/div>\n\t\t<div class=\"elementor-element elementor-element-0eb4eb8 e-con-full e-flex e-con e-child\" data-id=\"0eb4eb8\" data-element_type=\"container\" data-e-type=\"container\">\n\t\t\t\t<\/div>\n\t\t\t\t\t<\/div>\n\t\t\t\t<\/div>\n\t\t<div class=\"elementor-element elementor-element-2b33556 e-flex e-con-boxed e-con e-parent\" data-id=\"2b33556\" data-element_type=\"container\" data-e-type=\"container\">\n\t\t\t\t\t<div class=\"e-con-inner\">\n\t\t<div class=\"elementor-element elementor-element-c0bbd28 e-con-full e-flex e-con e-child\" data-id=\"c0bbd28\" data-element_type=\"container\" data-e-type=\"container\">\n\t\t\t\t<div class=\"elementor-element elementor-element-4971da4 elementor-widget elementor-widget-image\" data-id=\"4971da4\" data-element_type=\"widget\" data-e-type=\"widget\" data-widget_type=\"image.default\">\n\t\t\t\t\t\t\t\t\t\t\t\t\t\t\t<img decoding=\"async\" width=\"862\" height=\"575\" src=\"https:\/\/lespal.fr\/wp-content\/uploads\/2025\/08\/rapport-expertise.jpg\" class=\"attachment-large size-large wp-image-17\" alt=\"\" srcset=\"https:\/\/lespal.fr\/wp-content\/uploads\/2025\/08\/rapport-expertise.jpg 862w, https:\/\/lespal.fr\/wp-content\/uploads\/2025\/08\/rapport-expertise-300x200.jpg 300w, https:\/\/lespal.fr\/wp-content\/uploads\/2025\/08\/rapport-expertise-768x512.jpg 768w, https:\/\/lespal.fr\/wp-content\/uploads\/2025\/08\/rapport-expertise-150x100.jpg 150w\" sizes=\"(max-width: 862px) 100vw, 862px\" \/>\t\t\t\t\t\t\t\t\t\t\t\t\t\t\t<\/div>\n\t\t\t\t<\/div>\n\t\t<div class=\"elementor-element elementor-element-8a979ac e-con-full e-flex e-con e-child\" data-id=\"8a979ac\" data-element_type=\"container\" data-e-type=\"container\">\n\t\t\t\t<div class=\"elementor-element elementor-element-db103da elementor-widget elementor-widget-image\" data-id=\"db103da\" data-element_type=\"widget\" data-e-type=\"widget\" data-widget_type=\"image.default\">\n\t\t\t\t\t\t\t\t\t\t\t\t\t\t\t<img decoding=\"async\" width=\"732\" height=\"420\" src=\"https:\/\/lespal.fr\/wp-content\/uploads\/2025\/08\/dpe.jpg\" class=\"attachment-large size-large wp-image-13\" alt=\"\" srcset=\"https:\/\/lespal.fr\/wp-content\/uploads\/2025\/08\/dpe.jpg 732w, https:\/\/lespal.fr\/wp-content\/uploads\/2025\/08\/dpe-300x172.jpg 300w\" sizes=\"(max-width: 732px) 100vw, 732px\" \/>\t\t\t\t\t\t\t\t\t\t\t\t\t\t\t<\/div>\n\t\t\t\t<\/div>\n\t\t\t\t\t<\/div>\n\t\t\t\t<\/div>\n\t\t\t\t<\/div>\n\t\t","protected":false},"excerpt":{"rendered":"<p>LE DOMAINE DE L&rsquo;ESPAL, Datant du XII\u00e8me si\u00e8cle pour partie et XVIII\u00e8me pour la Maison de Ma\u00eetre,\u00a0 vous apportera toute la qui\u00e9tude et le farniente. Au c\u0153ur des 3 rues principales des Epeaux, \u00e9rig\u00e9e sur un parc de plus de 5.000 m\u00b2 arbor\u00e9 et clos de mur; Au rez-de-chauss\u00e9e : un hall de r\u00e9ception un salon avec chemin\u00e9e ouverte, une salle \u00e0 manger avec chemin\u00e9e ouverte, une cuisine am\u00e9nag\u00e9e et \u00e9quip\u00e9e un wc avec lave-mains Un escalier en orme vous permettra d\u2019acc\u00e9der \u00e0 l\u2019\u00e9tage\u00a0 \u00a0 A l&rsquo;\u00e9tage :\u00a0 4 chambres pourvues de salles d\u2019eau\/bain privatives, 3 wc s\u00e9par\u00e9s, de tr\u00e8s grands placards int\u00e9gr\u00e9s un patio \u00a0 Dans la continuit\u00e9 de Maison de Ma\u00eetre : un grand patio desservant deux terrasses 3 chambres avec salles d\u2019eau privatives et toilettes s\u00e9par\u00e9s un atelier \u00a0 Les autres b\u00e2timents du Domaine dateraient pour la plus part du XII\u00e8me si\u00e8cle : 3 remises (dont une cave \u00e0 vin en sous-sol et une buanderie) 1 garage 1 grange 1 auvent accueille 3 stationnements, pourvu d\u2019une station de recharge pour voiture \u00e9lectrique 1 second auvent pour le stockage de 6 v\u00e9los \u00a0 \u00c9quipements ext\u00e9rieurs : Une piscine \u00e9quip\u00e9e d\u2019un syst\u00e8me de s\u00e9curit\u00e9.Chauff\u00e9e entre 26\u00b0 et 30\u00b0 par PACDimensions 7 x 4 m.Profondeur progressive moy. 1,70 mFiltration par chaussette coton Desjoyaux, et d\u00e9sinfection par chlore.Rev\u00eatement en membrane arm\u00e9e de couleur sable. Un boulodrome Le parc arbor\u00e9 accueille entre autre : un c\u00e8dre du Liban, un pin parasol, des ch\u00eanes verts, un magnolia grandiflora, un flamboyant, Au verger : olivier, mirabellier, cerisier, poirier, figuier\u2026 Un potager Il n\u2019existe pas de vis-\u00e0-vis. Diagnostiques :\u00a0 \u00a0 Electricit\u00e9 : Double vitrage, 3 chemin\u00e9es, Syst\u00e8me de chauffage central et convecteur \u00e0 inertie s\u00e8che. \u00a0 Eau et traitement : Raccordement \u00e0 l&rsquo;eau de la ville,\u00a0 pr\u00e9sence d&rsquo;un puis Traitement des eaux us\u00e9es : assainissement collectif \u00ab\u00a0tout \u00e0 l&rsquo;\u00e9gout\u00a0\u00bb Mise en \u0153uvre pour l&rsquo;\u00e9conomie d&rsquo;eau : chasse d&rsquo;eau double flux w-c, mousseurs sur robinetterie.<\/p>\n","protected":false},"author":1,"featured_media":0,"parent":0,"menu_order":0,"comment_status":"closed","ping_status":"closed","template":"elementor_header_footer","meta":{"footnotes":""},"class_list":["post-8","page","type-page","status-publish","hentry"],"yoast_head":"<!-- This site is optimized with the Yoast SEO plugin v27.3 - https:\/\/yoast.com\/product\/yoast-seo-wordpress\/ -->\n<title>Dossier technique -<\/title>\n<meta name=\"robots\" content=\"index, follow, max-snippet:-1, max-image-preview:large, max-video-preview:-1\" \/>\n<link rel=\"canonical\" href=\"https:\/\/lespal.fr\/index.php\/dossier-technique\/\" \/>\n<meta property=\"og:locale\" content=\"fr_FR\" \/>\n<meta property=\"og:type\" content=\"article\" \/>\n<meta property=\"og:title\" content=\"Dossier technique -\" \/>\n<meta property=\"og:description\" content=\"LE DOMAINE DE L&rsquo;ESPAL, Datant du XII\u00e8me si\u00e8cle pour partie et XVIII\u00e8me pour la Maison de Ma\u00eetre,\u00a0 vous apportera toute la qui\u00e9tude et le farniente. Au c\u0153ur des 3 rues principales des Epeaux, \u00e9rig\u00e9e sur un parc de plus de 5.000 m\u00b2 arbor\u00e9 et clos de mur; Au rez-de-chauss\u00e9e : un hall de r\u00e9ception un salon avec chemin\u00e9e ouverte, une salle \u00e0 manger avec chemin\u00e9e ouverte, une cuisine am\u00e9nag\u00e9e et \u00e9quip\u00e9e un wc avec lave-mains Un escalier en orme vous permettra d\u2019acc\u00e9der \u00e0 l\u2019\u00e9tage\u00a0 \u00a0 A l&rsquo;\u00e9tage :\u00a0 4 chambres pourvues de salles d\u2019eau\/bain privatives, 3 wc s\u00e9par\u00e9s, de tr\u00e8s grands placards int\u00e9gr\u00e9s un patio \u00a0 Dans la continuit\u00e9 de Maison de Ma\u00eetre : un grand patio desservant deux terrasses 3 chambres avec salles d\u2019eau privatives et toilettes s\u00e9par\u00e9s un atelier \u00a0 Les autres b\u00e2timents du Domaine dateraient pour la plus part du XII\u00e8me si\u00e8cle : 3 remises (dont une cave \u00e0 vin en sous-sol et une buanderie) 1 garage 1 grange 1 auvent accueille 3 stationnements, pourvu d\u2019une station de recharge pour voiture \u00e9lectrique 1 second auvent pour le stockage de 6 v\u00e9los \u00a0 \u00c9quipements ext\u00e9rieurs : Une piscine \u00e9quip\u00e9e d\u2019un syst\u00e8me de s\u00e9curit\u00e9.Chauff\u00e9e entre 26\u00b0 et 30\u00b0 par PACDimensions 7 x 4 m.Profondeur progressive moy. 1,70 mFiltration par chaussette coton Desjoyaux, et d\u00e9sinfection par chlore.Rev\u00eatement en membrane arm\u00e9e de couleur sable. Un boulodrome Le parc arbor\u00e9 accueille entre autre : un c\u00e8dre du Liban, un pin parasol, des ch\u00eanes verts, un magnolia grandiflora, un flamboyant, Au verger : olivier, mirabellier, cerisier, poirier, figuier\u2026 Un potager Il n\u2019existe pas de vis-\u00e0-vis. Diagnostiques :\u00a0 \u00a0 Electricit\u00e9 : Double vitrage, 3 chemin\u00e9es, Syst\u00e8me de chauffage central et convecteur \u00e0 inertie s\u00e8che. \u00a0 Eau et traitement : Raccordement \u00e0 l&rsquo;eau de la ville,\u00a0 pr\u00e9sence d&rsquo;un puis Traitement des eaux us\u00e9es : assainissement collectif \u00ab\u00a0tout \u00e0 l&rsquo;\u00e9gout\u00a0\u00bb Mise en \u0153uvre pour l&rsquo;\u00e9conomie d&rsquo;eau : chasse d&rsquo;eau double flux w-c, mousseurs sur robinetterie.\" \/>\n<meta property=\"og:url\" content=\"https:\/\/lespal.fr\/index.php\/dossier-technique\/\" \/>\n<meta property=\"article:modified_time\" content=\"2025-08-11T10:00:07+00:00\" \/>\n<meta property=\"og:image\" content=\"https:\/\/lespal.fr\/wp-content\/uploads\/2025\/08\/plan-de-masse.jpg\" \/>\n\t<meta property=\"og:image:width\" content=\"600\" \/>\n\t<meta property=\"og:image:height\" content=\"400\" \/>\n\t<meta property=\"og:image:type\" content=\"image\/jpeg\" \/>\n<meta name=\"twitter:card\" content=\"summary_large_image\" \/>\n<meta name=\"twitter:label1\" content=\"Dur\u00e9e de lecture estim\u00e9e\" \/>\n\t<meta name=\"twitter:data1\" content=\"2 minutes\" \/>\n<script type=\"application\/ld+json\" class=\"yoast-schema-graph\">{\"@context\":\"https:\\\/\\\/schema.org\",\"@graph\":[{\"@type\":\"WebPage\",\"@id\":\"https:\\\/\\\/lespal.fr\\\/index.php\\\/dossier-technique\\\/\",\"url\":\"https:\\\/\\\/lespal.fr\\\/index.php\\\/dossier-technique\\\/\",\"name\":\"Dossier technique -\",\"isPartOf\":{\"@id\":\"https:\\\/\\\/lespal.fr\\\/#website\"},\"primaryImageOfPage\":{\"@id\":\"https:\\\/\\\/lespal.fr\\\/index.php\\\/dossier-technique\\\/#primaryimage\"},\"image\":{\"@id\":\"https:\\\/\\\/lespal.fr\\\/index.php\\\/dossier-technique\\\/#primaryimage\"},\"thumbnailUrl\":\"https:\\\/\\\/lespal.fr\\\/wp-content\\\/uploads\\\/2025\\\/08\\\/plan-de-masse.jpg\",\"datePublished\":\"2025-08-04T12:30:07+00:00\",\"dateModified\":\"2025-08-11T10:00:07+00:00\",\"breadcrumb\":{\"@id\":\"https:\\\/\\\/lespal.fr\\\/index.php\\\/dossier-technique\\\/#breadcrumb\"},\"inLanguage\":\"fr-FR\",\"potentialAction\":[{\"@type\":\"ReadAction\",\"target\":[\"https:\\\/\\\/lespal.fr\\\/index.php\\\/dossier-technique\\\/\"]}]},{\"@type\":\"ImageObject\",\"inLanguage\":\"fr-FR\",\"@id\":\"https:\\\/\\\/lespal.fr\\\/index.php\\\/dossier-technique\\\/#primaryimage\",\"url\":\"https:\\\/\\\/lespal.fr\\\/wp-content\\\/uploads\\\/2025\\\/08\\\/plan-de-masse.jpg\",\"contentUrl\":\"https:\\\/\\\/lespal.fr\\\/wp-content\\\/uploads\\\/2025\\\/08\\\/plan-de-masse.jpg\",\"width\":600,\"height\":400},{\"@type\":\"BreadcrumbList\",\"@id\":\"https:\\\/\\\/lespal.fr\\\/index.php\\\/dossier-technique\\\/#breadcrumb\",\"itemListElement\":[{\"@type\":\"ListItem\",\"position\":1,\"name\":\"Accueil\",\"item\":\"https:\\\/\\\/lespal.fr\\\/\"},{\"@type\":\"ListItem\",\"position\":2,\"name\":\"Dossier technique\"}]},{\"@type\":\"WebSite\",\"@id\":\"https:\\\/\\\/lespal.fr\\\/#website\",\"url\":\"https:\\\/\\\/lespal.fr\\\/\",\"name\":\"\",\"description\":\"\",\"potentialAction\":[{\"@type\":\"SearchAction\",\"target\":{\"@type\":\"EntryPoint\",\"urlTemplate\":\"https:\\\/\\\/lespal.fr\\\/?s={search_term_string}\"},\"query-input\":{\"@type\":\"PropertyValueSpecification\",\"valueRequired\":true,\"valueName\":\"search_term_string\"}}],\"inLanguage\":\"fr-FR\"}]}<\/script>\n<!-- \/ Yoast SEO plugin. -->","yoast_head_json":{"title":"Dossier technique -","robots":{"index":"index","follow":"follow","max-snippet":"max-snippet:-1","max-image-preview":"max-image-preview:large","max-video-preview":"max-video-preview:-1"},"canonical":"https:\/\/lespal.fr\/index.php\/dossier-technique\/","og_locale":"fr_FR","og_type":"article","og_title":"Dossier technique -","og_description":"LE DOMAINE DE L&rsquo;ESPAL, Datant du XII\u00e8me si\u00e8cle pour partie et XVIII\u00e8me pour la Maison de Ma\u00eetre,\u00a0 vous apportera toute la qui\u00e9tude et le farniente. Au c\u0153ur des 3 rues principales des Epeaux, \u00e9rig\u00e9e sur un parc de plus de 5.000 m\u00b2 arbor\u00e9 et clos de mur; Au rez-de-chauss\u00e9e : un hall de r\u00e9ception un salon avec chemin\u00e9e ouverte, une salle \u00e0 manger avec chemin\u00e9e ouverte, une cuisine am\u00e9nag\u00e9e et \u00e9quip\u00e9e un wc avec lave-mains Un escalier en orme vous permettra d\u2019acc\u00e9der \u00e0 l\u2019\u00e9tage\u00a0 \u00a0 A l&rsquo;\u00e9tage :\u00a0 4 chambres pourvues de salles d\u2019eau\/bain privatives, 3 wc s\u00e9par\u00e9s, de tr\u00e8s grands placards int\u00e9gr\u00e9s un patio \u00a0 Dans la continuit\u00e9 de Maison de Ma\u00eetre : un grand patio desservant deux terrasses 3 chambres avec salles d\u2019eau privatives et toilettes s\u00e9par\u00e9s un atelier \u00a0 Les autres b\u00e2timents du Domaine dateraient pour la plus part du XII\u00e8me si\u00e8cle : 3 remises (dont une cave \u00e0 vin en sous-sol et une buanderie) 1 garage 1 grange 1 auvent accueille 3 stationnements, pourvu d\u2019une station de recharge pour voiture \u00e9lectrique 1 second auvent pour le stockage de 6 v\u00e9los \u00a0 \u00c9quipements ext\u00e9rieurs : Une piscine \u00e9quip\u00e9e d\u2019un syst\u00e8me de s\u00e9curit\u00e9.Chauff\u00e9e entre 26\u00b0 et 30\u00b0 par PACDimensions 7 x 4 m.Profondeur progressive moy. 1,70 mFiltration par chaussette coton Desjoyaux, et d\u00e9sinfection par chlore.Rev\u00eatement en membrane arm\u00e9e de couleur sable. Un boulodrome Le parc arbor\u00e9 accueille entre autre : un c\u00e8dre du Liban, un pin parasol, des ch\u00eanes verts, un magnolia grandiflora, un flamboyant, Au verger : olivier, mirabellier, cerisier, poirier, figuier\u2026 Un potager Il n\u2019existe pas de vis-\u00e0-vis. Diagnostiques :\u00a0 \u00a0 Electricit\u00e9 : Double vitrage, 3 chemin\u00e9es, Syst\u00e8me de chauffage central et convecteur \u00e0 inertie s\u00e8che. \u00a0 Eau et traitement : Raccordement \u00e0 l&rsquo;eau de la ville,\u00a0 pr\u00e9sence d&rsquo;un puis Traitement des eaux us\u00e9es : assainissement collectif \u00ab\u00a0tout \u00e0 l&rsquo;\u00e9gout\u00a0\u00bb Mise en \u0153uvre pour l&rsquo;\u00e9conomie d&rsquo;eau : chasse d&rsquo;eau double flux w-c, mousseurs sur robinetterie.","og_url":"https:\/\/lespal.fr\/index.php\/dossier-technique\/","article_modified_time":"2025-08-11T10:00:07+00:00","og_image":[{"width":600,"height":400,"url":"https:\/\/lespal.fr\/wp-content\/uploads\/2025\/08\/plan-de-masse.jpg","type":"image\/jpeg"}],"twitter_card":"summary_large_image","twitter_misc":{"Dur\u00e9e de lecture estim\u00e9e":"2 minutes"},"schema":{"@context":"https:\/\/schema.org","@graph":[{"@type":"WebPage","@id":"https:\/\/lespal.fr\/index.php\/dossier-technique\/","url":"https:\/\/lespal.fr\/index.php\/dossier-technique\/","name":"Dossier technique -","isPartOf":{"@id":"https:\/\/lespal.fr\/#website"},"primaryImageOfPage":{"@id":"https:\/\/lespal.fr\/index.php\/dossier-technique\/#primaryimage"},"image":{"@id":"https:\/\/lespal.fr\/index.php\/dossier-technique\/#primaryimage"},"thumbnailUrl":"https:\/\/lespal.fr\/wp-content\/uploads\/2025\/08\/plan-de-masse.jpg","datePublished":"2025-08-04T12:30:07+00:00","dateModified":"2025-08-11T10:00:07+00:00","breadcrumb":{"@id":"https:\/\/lespal.fr\/index.php\/dossier-technique\/#breadcrumb"},"inLanguage":"fr-FR","potentialAction":[{"@type":"ReadAction","target":["https:\/\/lespal.fr\/index.php\/dossier-technique\/"]}]},{"@type":"ImageObject","inLanguage":"fr-FR","@id":"https:\/\/lespal.fr\/index.php\/dossier-technique\/#primaryimage","url":"https:\/\/lespal.fr\/wp-content\/uploads\/2025\/08\/plan-de-masse.jpg","contentUrl":"https:\/\/lespal.fr\/wp-content\/uploads\/2025\/08\/plan-de-masse.jpg","width":600,"height":400},{"@type":"BreadcrumbList","@id":"https:\/\/lespal.fr\/index.php\/dossier-technique\/#breadcrumb","itemListElement":[{"@type":"ListItem","position":1,"name":"Accueil","item":"https:\/\/lespal.fr\/"},{"@type":"ListItem","position":2,"name":"Dossier technique"}]},{"@type":"WebSite","@id":"https:\/\/lespal.fr\/#website","url":"https:\/\/lespal.fr\/","name":"","description":"","potentialAction":[{"@type":"SearchAction","target":{"@type":"EntryPoint","urlTemplate":"https:\/\/lespal.fr\/?s={search_term_string}"},"query-input":{"@type":"PropertyValueSpecification","valueRequired":true,"valueName":"search_term_string"}}],"inLanguage":"fr-FR"}]}},"_links":{"self":[{"href":"https:\/\/lespal.fr\/index.php\/wp-json\/wp\/v2\/pages\/8","targetHints":{"allow":["GET"]}}],"collection":[{"href":"https:\/\/lespal.fr\/index.php\/wp-json\/wp\/v2\/pages"}],"about":[{"href":"https:\/\/lespal.fr\/index.php\/wp-json\/wp\/v2\/types\/page"}],"author":[{"embeddable":true,"href":"https:\/\/lespal.fr\/index.php\/wp-json\/wp\/v2\/users\/1"}],"replies":[{"embeddable":true,"href":"https:\/\/lespal.fr\/index.php\/wp-json\/wp\/v2\/comments?post=8"}],"version-history":[{"count":23,"href":"https:\/\/lespal.fr\/index.php\/wp-json\/wp\/v2\/pages\/8\/revisions"}],"predecessor-version":[{"id":320,"href":"https:\/\/lespal.fr\/index.php\/wp-json\/wp\/v2\/pages\/8\/revisions\/320"}],"wp:attachment":[{"href":"https:\/\/lespal.fr\/index.php\/wp-json\/wp\/v2\/media?parent=8"}],"curies":[{"name":"wp","href":"https:\/\/api.w.org\/{rel}","templated":true}]}}